{"id":9,"date":"2023-08-17T15:54:51","date_gmt":"2023-08-17T15:54:51","guid":{"rendered":"https:\/\/zynergieeffekt.de\/?page_id=9"},"modified":"2023-12-21T16:02:09","modified_gmt":"2023-12-21T16:02:09","slug":"wartung","status":"publish","type":"page","link":"https:\/\/zynergieeffekt.de\/wartung\/","title":{"rendered":"Wartung"},"content":{"rendered":"\n[et_pb_section fb_built=&#8220;1&#8243; admin_label=&#8220;Hero&#8220; _builder_version=&#8220;4.23.2&#8243; background_color=&#8220;#090913&#8243; background_enable_image=&#8220;off&#8220; min_height=&#8220;1071px&#8220; custom_padding=&#8220;|||&#8220; hover_enabled=&#8220;0&#8243; global_colors_info=&#8220;{}&#8220; sticky_enabled=&#8220;0&#8243;][et_pb_row _builder_version=&#8220;4.22.0&#8243; _module_preset=&#8220;default&#8220; background_color=&#8220;#090913&#8243; width_tablet=&#8220;&#8220; width_phone=&#8220;&#8220; width_last_edited=&#8220;on|phone&#8220; max_width_tablet=&#8220;&#8220; max_width_phone=&#8220;&#8220; max_width_last_edited=&#8220;on|tablet&#8220; module_alignment=&#8220;center&#8220; module_alignment_tablet=&#8220;center&#8220; module_alignment_phone=&#8220;center&#8220; module_alignment_last_edited=&#8220;on|desktop&#8220; global_colors_info=&#8220;{}&#8220;][et_pb_column type=&#8220;4_4&#8243; _builder_version=&#8220;4.22.0&#8243; _module_preset=&#8220;default&#8220; global_colors_info=&#8220;{}&#8220;][et_pb_text content_tablet=&#8220;<p style=%22text-align: center;%22><b>Bitte haben Sie noch etwas Geduld.<\/b><\/p>\n<p style=%22text-align: center;%22><b><\/b><\/p>\n<p style=%22text-align: center;%22><b>Der Zynergieeffekt ist in K\u00fcrze f\u00fcr Sie verf\u00fcgbar.<\/b><\/p>\n<p style=%22text-align: center;%22><b><\/b><\/p>\n<p style=%22text-align: center;%22><b>In der Zwischenzeit erreichen Sie uns unter:<\/b><\/p>\n<p style=%22text-align: center;%22><b><\/b><\/p>\n<p style=%22text-align: center;%22><b>info@zynergieeffekt.de<\/b><\/p>&#8220; content_phone=&#8220;<p style=%22text-align: center;%22><b>Bitte haben Sie noch etwas Geduld.<\/b><\/p>\n<p style=%22text-align: center;%22><b><\/b><\/p>\n<p style=%22text-align: center;%22><b>Der Zynergieeffekt ist in K\u00fcrze f\u00fcr Sie verf\u00fcgbar.<\/b><\/p>\n<p style=%22text-align: center;%22><b><\/b><\/p>\n<p style=%22text-align: center;%22><b>In der Zwischenzeit erreichen Sie uns unter:<\/b><\/p>\n<p style=%22text-align: center;%22><b><\/b><\/p>\n<p style=%22text-align: center;%22><b>info@zynergieeffekt.de<\/b><\/p>&#8220; content_last_edited=&#8220;on|phone&#8220; _builder_version=&#8220;4.22.0&#8243; _module_preset=&#8220;default&#8220; text_text_color=&#8220;#FFFFFF&#8220; text_font_size=&#8220;40px&#8220; text_line_height=&#8220;1em&#8220; background_color=&#8220;#090913&#8243; text_orientation=&#8220;center&#8220; text_font_size_tablet=&#8220;25px&#8220; text_font_size_phone=&#8220;25px&#8220; text_font_size_last_edited=&#8220;on|desktop&#8220; text_line_height_tablet=&#8220;1.2em&#8220; text_line_height_phone=&#8220;1.2em&#8220; text_line_height_last_edited=&#8220;on|tablet&#8220; text_orientation_tablet=&#8220;center&#8220; text_orientation_phone=&#8220;center&#8220; text_orientation_last_edited=&#8220;on|phone&#8220; global_colors_info=&#8220;{}&#8220;]<p style=\"text-align: center;\"><b>Bitte haben Sie noch etwas Geduld.<\/b><\/p>\n<p style=\"text-align: center;\"><b><\/b><\/p>\n<p style=\"text-align: center;\"><b>Der Zynergieeffekt ist in K\u00fcrze f\u00fcr Sie verf\u00fcgbar.<\/b><\/p>\n<p style=\"text-align: center;\"><b><\/b><\/p>\n<p style=\"text-align: center;\"><b>In der Zwischenzeit erreichen Sie uns unter:<\/b><\/p>\n<p style=\"text-align: center;\"><b><\/b><\/p>\n<p style=\"text-align: center;\"><b>info@zynergieeffekt.de<\/b><\/p>[\/et_pb_text][et_pb_image src=&#8220;https:\/\/zynergieeffekt.de\/wp-content\/uploads\/2023\/12\/Logo-Trans-Kupfer-Kopie.png&#8220; title_text=&#8220;Logo-Trans-Kupfer Kopie&#8220; _builder_version=&#8220;4.23.2&#8243; _module_preset=&#8220;default&#8220; max_width=&#8220;65%&#8220; module_alignment=&#8220;center&#8220; custom_margin=&#8220;100px||||false|false&#8220; hover_enabled=&#8220;0&#8243; global_colors_info=&#8220;{}&#8220; sticky_enabled=&#8220;0&#8243;][\/et_pb_image][\/et_pb_column][\/et_pb_row][\/et_pb_section]\n","protected":false},"excerpt":{"rendered":"<p>Bitte haben Sie noch etwas Geduld. Der Zynergieeffekt ist in K\u00fcrze f\u00fcr Sie verf\u00fcgbar. In der Zwischenzeit erreichen Sie uns unter: info@zynergieeffekt.de<\/p>\n","protected":false},"author":1,"featured_media":36,"parent":0,"menu_order":1,"comment_status":"closed","ping_status":"closed","template":"page-template-blank.php","meta":{"_et_pb_use_builder":"on","_et_pb_old_content":"","_et_gb_content_width":"","footnotes":""},"class_list":["post-9","page","type-page","status-publish","has-post-thumbnail","hentry"],"_links":{"self":[{"href":"https:\/\/zynergieeffekt.de\/wartung\/wp-json\/wp\/v2\/pages\/9","targetHints":{"allow":["GET"]}}],"collection":[{"href":"https:\/\/zynergieeffekt.de\/wartung\/wp-json\/wp\/v2\/pages"}],"about":[{"href":"https:\/\/zynergieeffekt.de\/wartung\/wp-json\/wp\/v2\/types\/page"}],"author":[{"embeddable":true,"href":"https:\/\/zynergieeffekt.de\/wartung\/wp-json\/wp\/v2\/users\/1"}],"replies":[{"embeddable":true,"href":"https:\/\/zynergieeffekt.de\/wartung\/wp-json\/wp\/v2\/comments?post=9"}],"version-history":[{"count":11,"href":"https:\/\/zynergieeffekt.de\/wartung\/wp-json\/wp\/v2\/pages\/9\/revisions"}],"predecessor-version":[{"id":59,"href":"https:\/\/zynergieeffekt.de\/wartung\/wp-json\/wp\/v2\/pages\/9\/revisions\/59"}],"wp:featuredmedia":[{"embeddable":true,"href":"https:\/\/zynergieeffekt.de\/wartung\/wp-json\/wp\/v2\/media\/36"}],"wp:attachment":[{"href":"https:\/\/zynergieeffekt.de\/wartung\/wp-json\/wp\/v2\/media?parent=9"}],"curies":[{"name":"wp","href":"https:\/\/api.w.org\/{rel}","templated":true}]}}